{"id":268,"date":"2021-06-27T21:24:09","date_gmt":"2021-06-27T21:24:09","guid":{"rendered":"https:\/\/tierraprometidatrading.com\/?page_id=268"},"modified":"2021-09-13T22:44:53","modified_gmt":"2021-09-14T03:44:53","slug":"aguacate-hass","status":"publish","type":"page","link":"https:\/\/tierraprometidatrading.com\/index.php\/aguacate-hass\/","title":{"rendered":"AGUACATE HASS"},"content":{"rendered":"<p>[et_pb_section fb_built=&#8221;1&#8243; admin_label=&#8221;section&#8221; _builder_version=&#8221;3.0.106&#8243; background_image=&#8221;https:\/\/tierraprometidatrading.com\/wp-content\/uploads\/2021\/06\/mesa-frutas-2.png&#8221;][et_pb_row _builder_version=&#8221;3.0.106&#8243;][et_pb_column type=&#8221;4_4&#8243; _builder_version=&#8221;3.0.106&#8243; parallax=&#8221;off&#8221; parallax_method=&#8221;on&#8221;][et_pb_text _builder_version=&#8221;3.0.106&#8243; text_font=&#8221;||||||||&#8221; header_font=&#8221;Montserrat||||||||&#8221; header_text_align=&#8221;center&#8221; header_font_size=&#8221;60px&#8221; header_font_size_phone=&#8221;50px&#8221; header_font_size_last_edited=&#8221;on|desktop&#8221; header_text_color=&#8221;#ffffff&#8221; header_letter_spacing_phone=&#8221;0px&#8221; header_letter_spacing_last_edited=&#8221;on|desktop&#8221; header_line_height_phone=&#8221;1em&#8221; header_line_height_last_edited=&#8221;on|phone&#8221; header_text_shadow_style=&#8221;preset3&#8243; max_width_last_edited=&#8221;on|desktop&#8221; custom_margin_phone=&#8221;50px|||&#8221; custom_margin_last_edited=&#8221;on|desktop&#8221;]<\/p>\n<h1><strong>Aguacate Hass<\/strong><\/h1>\n<p>[\/et_pb_text][\/et_pb_column][\/et_pb_row][et_pb_row _builder_version=&#8221;3.0.106&#8243;][et_pb_column type=&#8221;1_2&#8243; _builder_version=&#8221;3.0.106&#8243; parallax=&#8221;off&#8221; parallax_method=&#8221;on&#8221;][et_pb_text background_layout=&#8221;dark&#8221; _builder_version=&#8221;3.0.106&#8243; text_font=&#8221;Montserrat||||||||&#8221; text_font_size=&#8221;5px&#8221; text_line_height=&#8221;1.2em&#8221; header_font=&#8221;Montserrat||||||||&#8221; header_text_align=&#8221;left&#8221; header_font_size=&#8221;38px&#8221; header_text_color=&#8221;#ffffff&#8221; header_text_shadow_style=&#8221;preset3&#8243; header_6_font=&#8221;Montserrat||||||||&#8221; header_6_font_size=&#8221;18px&#8221; header_6_text_shadow_style=&#8221;preset3&#8243;]<\/p>\n<h1 style=\"text-align: center;\"><\/h1>\n<p><strong><\/strong><\/p>\n<h6 style=\"text-align: justify;\"><\/h6>\n<h6 style=\"text-align: justify;\"><strong>Producimos Aguacates cremosos de excelente sabor.<\/strong><br \/>\n<strong> <\/strong><\/h6>\n<h6 style=\"text-align: justify;\"><strong>CATEGOR\u00cdA 1:<\/strong><\/h6>\n<h6 style=\"text-align: justify;\"><strong>Producto con leves defectos de forma, sin da\u00f1o mec\u00e1nico, con tolerancia a cicatrices hasta 10% de la superficie total. Con peso m\u00ednimo de 110 Gramos.<\/strong><br \/>\n<strong> <\/strong><\/h6>\n<h6 style=\"text-align: justify;\"><strong>CATEGOR\u00cdA 2:<\/strong><\/h6>\n<h6 style=\"text-align: justify;\"><strong>Producto con leves defectos de forma, con da\u00f1o mec\u00e1nico inferior al 10%, con tolerancia a cicatrices hasta 60% de la superficie total. Con peso m\u00ednimo de 110 Gramos.<\/strong><\/h6>\n<p>[\/et_pb_text][et_pb_button button_url=&#8221;https:\/\/tierraprometidatrading.com\/ficha_tecnica\/aguacate.pdf&#8221; url_new_window=&#8221;on&#8221; button_text=&#8221;Ficha T\u00e9cnica&#8221; button_alignment=&#8221;center&#8221; _builder_version=&#8221;3.0.106&#8243; custom_button=&#8221;on&#8221; button_text_color=&#8221;#ffffff&#8221; button_bg_color=&#8221;rgba(0,124,29,0.59)&#8221; button_font=&#8221;||||||||&#8221;][\/et_pb_button][\/et_pb_column][et_pb_column type=&#8221;1_2&#8243; _builder_version=&#8221;3.0.106&#8243; parallax=&#8221;off&#8221; parallax_method=&#8221;on&#8221;][et_pb_image src=&#8221;https:\/\/tierraprometidatrading.com\/wp-content\/uploads\/2021\/06\/WhatsApp-Image-2021-06-19-at-2.48.27-PM.jpeg&#8221; _builder_version=&#8221;3.0.106&#8243; max_width=&#8221;65%&#8221; module_alignment=&#8221;center&#8221; box_shadow_style=&#8221;preset1&#8243; box_shadow_color=&#8221;rgba(255,255,255,0.3)&#8221;][\/et_pb_image][\/et_pb_column][\/et_pb_row][\/et_pb_section]<\/p>\n","protected":false},"excerpt":{"rendered":"<p>[et_pb_section fb_built=&#8221;1&#8243; admin_label=&#8221;section&#8221; _builder_version=&#8221;3.0.106&#8243; background_image=&#8221;https:\/\/tierraprometidatrading.com\/wp-content\/uploads\/2021\/06\/mesa-frutas-2.png&#8221;][et_pb_row _builder_version=&#8221;3.0.106&#8243;][et_pb_column type=&#8221;4_4&#8243; _builder_version=&#8221;3.0.106&#8243; parallax=&#8221;off&#8221; parallax_method=&#8221;on&#8221;][et_pb_text _builder_version=&#8221;3.0.106&#8243; text_font=&#8221;||||||||&#8221; header_font=&#8221;Montserrat||||||||&#8221; header_text_align=&#8221;center&#8221; header_font_size=&#8221;60px&#8221; header_font_size_phone=&#8221;50px&#8221; header_font_size_last_edited=&#8221;on|desktop&#8221; header_text_color=&#8221;#ffffff&#8221; header_letter_spacing_phone=&#8221;0px&#8221; header_letter_spacing_last_edited=&#8221;on|desktop&#8221; header_line_height_phone=&#8221;1em&#8221; header_line_height_last_edited=&#8221;on|phone&#8221; header_text_shadow_style=&#8221;preset3&#8243; max_width_last_edited=&#8221;on|desktop&#8221; custom_margin_phone=&#8221;50px|||&#8221; custom_margin_last_edited=&#8221;on|desktop&#8221;] Aguacate Hass [\/et_pb_text][\/et_pb_column][\/et_pb_row][et_pb_row _builder_version=&#8221;3.0.106&#8243;][et_pb_column type=&#8221;1_2&#8243; _builder_version=&#8221;3.0.106&#8243; parallax=&#8221;off&#8221; parallax_method=&#8221;on&#8221;][et_pb_text background_layout=&#8221;dark&#8221; _builder_version=&#8221;3.0.106&#8243; text_font=&#8221;Montserrat||||||||&#8221; text_font_size=&#8221;5px&#8221; text_line_height=&#8221;1.2em&#8221; header_font=&#8221;Montserrat||||||||&#8221; header_text_align=&#8221;left&#8221; header_font_size=&#8221;38px&#8221; header_text_color=&#8221;#ffffff&#8221; header_text_shadow_style=&#8221;preset3&#8243; header_6_font=&#8221;Montserrat||||||||&#8221; header_6_font_size=&#8221;18px&#8221; header_6_text_shadow_style=&#8221;preset3&#8243;] Producimos Aguacates cremosos de excelente sabor. CATEGOR\u00cdA 1: [&hellip;]<\/p>\n","protected":false},"author":1,"featured_media":0,"parent":0,"menu_order":0,"comment_status":"closed","ping_status":"closed","template":"","meta":{"om_disable_all_campaigns":false,"_monsterinsights_skip_tracking":false,"_monsterinsights_sitenote_active":false,"_monsterinsights_sitenote_note":"","_monsterinsights_sitenote_category":0},"_links":{"self":[{"href":"https:\/\/tierraprometidatrading.com\/index.php\/wp-json\/wp\/v2\/pages\/268"}],"collection":[{"href":"https:\/\/tierraprometidatrading.com\/index.php\/wp-json\/wp\/v2\/pages"}],"about":[{"href":"https:\/\/tierraprometidatrading.com\/index.php\/wp-json\/wp\/v2\/types\/page"}],"author":[{"embeddable":true,"href":"https:\/\/tierraprometidatrading.com\/index.php\/wp-json\/wp\/v2\/users\/1"}],"replies":[{"embeddable":true,"href":"https:\/\/tierraprometidatrading.com\/index.php\/wp-json\/wp\/v2\/comments?post=268"}],"version-history":[{"count":41,"href":"https:\/\/tierraprometidatrading.com\/index.php\/wp-json\/wp\/v2\/pages\/268\/revisions"}],"predecessor-version":[{"id":1134,"href":"https:\/\/tierraprometidatrading.com\/index.php\/wp-json\/wp\/v2\/pages\/268\/revisions\/1134"}],"wp:attachment":[{"href":"https:\/\/tierraprometidatrading.com\/index.php\/wp-json\/wp\/v2\/media?parent=268"}],"curies":[{"name":"wp","href":"https:\/\/api.w.org\/{rel}","templated":true}]}}